{"id":217,"date":"2021-10-27T12:25:03","date_gmt":"2021-10-27T10:25:03","guid":{"rendered":"https:\/\/www.tonytina.com\/?page_id=217"},"modified":"2024-04-04T20:47:54","modified_gmt":"2024-04-04T18:47:54","slug":"online-casinoer","status":"publish","type":"page","link":"https:\/\/www.tonytina.com\/da\/","title":{"rendered":"Find de bedste danske online casinoer med dansk licens"},"content":{"rendered":"\n<p>Leder du efter et online casino med dansk licens? Kan du lide, at der er styr p\u00e5 sikkerheden, n\u00e5r du spiller online? I 2012 indf\u00f8rte Danmark en ny <a href=\"https:\/\/www.skm.dk\/skattetal\/satser\/satser-og-beloebsgraenser-i-lovgivningen\/spilleloven\/\">spillelovgivning<\/a>, som faldt sammen med Spillemonopolets fald. Spillemonopolet gjorde Danske Spil til det ypperste online casino i Danmark og tillod ikke konkurrenter at reklamere p\u00e5 det danske marked. I dag er der massevis af online casinoer, som driver forretning i Danmark med en dansk licens. Vi giver dig det fulde overblik.<\/p>\n\n\n\n<p>Er du p\u00e5 udkig efter et udenlandsk casino? L\u00e6s mere om de <a href=\"https:\/\/casinoudendansklicens.com\/casino-uden-nemid.html\">bedste casinoer uden MitID<\/a>.<\/p>\n\n\n\n<!--more-->\n\n\n\n<figure class=\"wp-block-image\"><img loading=\"lazy\" width=\"760\" height=\"328\" src=\"https:\/\/www.tonytina.com\/wp-content\/uploads\/2021\/10\/Pip-Casino.jpg\" alt=\"Pip Casino\" class=\"wp-image-252\"\/><\/figure>\n\n\n\n<ul><li>Casinoer f\u00e5r dansk licens efter en succesfuld ans\u00f8gning til Spillemyndigheden. Det betyder at de kan drive deres forretning i Danmark og reklamere i det offentlige rum.<\/li><li>Alle online casinoer med dansk licens kr\u00e6ver, at du logger ind med NemID. Den digitale identitet sikrer, at du er den, som du udgiver dig for, n\u00e5r du spiller p\u00e5 nettet.<\/li><li>Selvom der stadig findes mange udenlandske casinoer uden dansk licens, er det danske online casino marked vokset eksplosivt efter Spillemonopolets fald.<\/li><\/ul>\n\n\n\n<p><span class=\"VIiyi\" lang=\"da\"><span class=\"JLqJ4b ChMk0b\" data-language-for-alternatives=\"da\" data-language-to-translate-into=\"en\" data-phrase-index=\"0\" data-number-of-phrases=\"1\">L\u00e6s ogs\u00e5: <a href=\"https:\/\/www.tonytina.com\/da\/trustly\/\">De bedste udenlandske casinoer med Trustly<\/a>.<\/span><\/span><\/p>\n\n\n\n<h1>Online casinoer med dansk licens<\/h1>\n\n\n\n<p>Antallet af online casinoer med dansk licens er vokset eksplosivt siden Spillemonopolets oph\u00f8r i 2012. Casinoer med dansk licens har tilladelse til at udbyde spil p\u00e5 roulette, blackjack, poker, punto banco og spilleautomater. Nedenfor har vi listet nogle af de bedste online casinoer med dansk licens:<\/p>\n\n\n\n<ul><li>Nordicbet<\/li><li>Leovegas<\/li><li>Karamba<\/li><li>Mr Green Casino<\/li><li>Videoslots<\/li><li>Royal Casino<\/li><li>Spillehallen<\/li><li>Pip Casino<\/li><\/ul>\n\n\n\n<p>Du kan finde den fulde oversigt over casinoer med dansk licens p\u00e5 Spillemyndighedens hjemmeside. Her kan du ogs\u00e5 se, at nogle spillelicenser d\u00e6kker flere forskellige casinoer. Det sker, n\u00e5r operat\u00f8rer f\u00e5r en dansk licens og derefter inkluderer flere casinoer under den samme licens. Det g\u00e6lder blandt andet Skill on Net Limited, som driver mere end tyve online casinoer under den samme licens (Play Joker, Lucky Vegas, PlayOJO mfl.).<\/p>\n\n\n\n<p>Hvis du er p\u00e5 udkig efter et udenlandsk casino uden dansk licens, vil du sandsynligvis gerne <a href=\"https:\/\/spiludenomrofus.online\">finde et online casino uden ROFUS at spille p\u00e5<\/a>.<\/p>\n\n\n\n<figure class=\"wp-block-image\"><img loading=\"lazy\" width=\"760\" height=\"271\" src=\"https:\/\/www.tonytina.com\/wp-content\/uploads\/2021\/10\/Karamba.jpg\" alt=\"Karamba\" class=\"wp-image-254\"\/><\/figure>\n\n\n\n<h1>Hvordan f\u00e5r casinoerne en dansk licens?<\/h1>\n\n\n\n<p>Hvis et udenlandsk casino vil ind p\u00e5 det danske marked og tiltr\u00e6kke danske kunder, er det oplagt at ans\u00f8ge om en dansk spillelicens. Det er ikke gratis at opn\u00e5 en dansk licens, og det er derfor, at ikke alle online casinoer har en. Det er en investering, som casinoet skal foretage, og i sidste ende et sp\u00f8rgsm\u00e5l om, om man tror, at man kan erobre store markedsandele i Danmark. Der er to forskellige tilladelser til online spil i Danmark, hvor casinoerne er indbefattet af sidstn\u00e6vnte:<\/p>\n\n\n\n<ul><li>Tilladelse til online v\u00e6ddem\u00e5l<\/li><li>Tilladelse til onlinekasino<\/li><\/ul>\n\n\n\n<p>Ans\u00f8gningen om dansk licens sendes til Spillemyndigheden i Danmark, som derefter tjekker casinoet efter i s\u00f8mmene. Du skal overholde en lang r\u00e6kke krav for at kunne drive spil i Danmark:<\/p>\n\n\n\n<ul><li>Gennemsigtighed overfor kunderne. Det skal v\u00e6re tydeligt, at man kan vinde p\u00e5 spillene.<\/li><li>SSL-kryptering. Casinoet skal have et minimumsniveau af kryptering for at sikre, at personf\u00f8lsomme oplysninger er sikre.<\/li><li>Casinoet skal efterleve danske krav for bonusser og kampagner.<\/li><li>Dansksproget hjemmeside og kundeservice.<\/li><li>Alle spil skal v\u00e6re lovlige. Man m\u00e5 eksempelvis ikke udbyde spil p\u00e5 begivenheder, hvor mindre\u00e5rige deltager.<\/li><\/ul>\n\n\n\n<p>Sidst men ikke mindst skal casinoet betale et gebyr \u2013 og det er det gebyr, som g\u00f8r, at nogle casinoer undlader at ans\u00f8ge om licensen.<\/p>\n\n\n\n<figure class=\"wp-block-image\"><img loading=\"lazy\" width=\"760\" height=\"414\" src=\"https:\/\/www.tonytina.com\/wp-content\/uploads\/2021\/10\/Spillehallen.jpg\" alt=\"Spillehallen\" class=\"wp-image-255\"\/><\/figure>\n\n\n\n<h1>Udenlandske casinoer uden dansk licens<\/h1>\n\n\n\n<p>Casinoer med dansk licens er de mest popul\u00e6re online casinoer i Danmark. Det er der flere grunde til: Casinoerne tilrettel\u00e6gger deres produkt til det danske marked, reklamerer i fjernsynet og p\u00e5 internettet og tilbyder store velkomstbonusser. Du kan dog ogs\u00e5 spille casino uden dansk licens. Hvis du vil spille casino uden dansk licens, er der to oplagte alternativer:<\/p>\n\n\n\n<ul><li>Casinoer med <a href=\"https:\/\/www.mga.org.mt\">Malta licens<\/a>. Du kan spille skattefrit p\u00e5 casinoer med Malta licens, selvom de ikke har licens i Danmark under den danske Spillemyndighed.<\/li><li>Casinoer med Curacao licens. Det er lovligt at spille p\u00e5 disse casinoer, men dine gevinster er skattepligtige.<\/li><\/ul>\n\n\n\n<p>F\u00e6lles for casinoer med Malta og Curacao licens er, at du kan spille online casino uden NemID. N\u00e5r du spiller p\u00e5 online casinoer med dansk licens, skal du bruge NemID til at oprette dig og logge ind.<\/p>\n\n\n\n<p>Find de bedste udenlandske casinoer: <a href=\"http:\/\/udenlandskecasinoer.com\">http:\/\/udenlandskecasinoer.com<\/a><\/p>\n\n\n\n<h1>Konklusion<\/h1>\n\n\n\n<p>Listen over casinoer med dansk licens vokser hele tiden, og det er godt nyt for danske casino fans. N\u00e5r markedet bliver st\u00f8rre, vokser konkurrencen, og det betyder bedre forhold for kunderne.<\/p>\n\n\n\n<p>Der er mange fordele ved at spille p\u00e5 et online casino med dansk licens. Dine gevinster er sikre, hjemmesiderne og kundeservice er altid p\u00e5 dansk og casinoet skal levere et ordentligt produkt for at blive p\u00e5 det danske marked. Du kan finde de bedste danske casinoer p\u00e5 vores liste over casinoer med dansk licens.<\/p>\n\n\n\n<p>L\u00e6s ogs\u00e5:&nbsp;<a href=\"https:\/\/www.tonytina.com\/da\/curacao\/\">Casinoer med Curacao licens: Guide til Danske Spillere.<\/a><\/p>\n\n\n\n<h2>FAQ<\/h2>\n\n\n        <section        class=\"sc_fs_faq sc_card\"\n\t\t        >\n\t\t\t\t<h3>Hvordan v\u00e6lger jeg et velrenommeret online casino?<\/h3>\t\t        <div>\n\t\t\t            <div class=\"sc_fs_faq__content\">\n\t\t\t\t\n\n<p>N\u00e5r du v\u00e6lger et online casino, er det vigtigt at overveje forskellige faktorer, herunder licensering, omd\u00f8mme, spilvalg, softwareudbydere, sikkerhedsforanstaltninger, kundesupport, betalingsmuligheder og brugeranmeldelser. Velrenommerede kasinoer pr\u00e6senterer almindeligvis deres licenser og certificeringer p\u00e5 deres hjemmeside.<\/p>\n\n            <\/div>\n        <\/div>\n        <\/section>\n\t        <section        class=\"sc_fs_faq sc_card\"\n\t\t        >\n\t\t\t\t<h3>Kan jeg stole p\u00e5 onlinekasinoer?<\/h3>\t\t        <div>\n\t\t\t            <div class=\"sc_fs_faq__content\">\n\t\t\t\t\n\n<p>Ja, online casinoer prioriterer beskyttelsen af personlige og finansielle oplysninger gennem implementering af avancerede sikkerhedsforanstaltninger. Det er afg\u00f8rende at v\u00e6lge licenserede kasinoer med en velrenommeret track record for at sikre fair gameplay og sikre transaktioner.<\/p>\n\n            <\/div>\n        <\/div>\n        <\/section>\n\t        <section        class=\"sc_fs_faq sc_card\"\n\t\t        >\n\t\t\t\t<h3>Hvordan indbetaler og h\u00e6ver jeg penge p\u00e5 et online casino?<\/h3>\t\t        <div>\n\t\t\t            <div class=\"sc_fs_faq__content\">\n\t\t\t\t\n\n<p>Onlinekasinoer tilbyder en r\u00e6kke betalingsmuligheder, s\u00e5som kredit-\/betalingskort, e-wallets, bankoverf\u00f8rsler og cryptocurrency. For at tilf\u00f8je penge g\u00e5r du typisk til kasseafdelingen, v\u00e6lger din foretrukne metode og f\u00f8lger de medf\u00f8lgende instruktioner. Udbetaling af penge involverer normalt indsendelse af en anmodning, som derefter behandles af kasinoet inden for en bestemt tidsramme.<\/p>\n\n            <\/div>\n        <\/div>\n        <\/section>\n\t        <section        class=\"sc_fs_faq sc_card\"\n\t\t        >\n\t\t\t\t<h3>Er online casinospil fair?<\/h3>\t\t        <div>\n\t\t\t            <div class=\"sc_fs_faq__content\">\n\t\t\t\t\n\n<p>Ja, licenserede onlinekasinoer bruger tilf\u00e6ldige talgeneratorer (RNG&#8217;er) for at sikre retf\u00e6rdigheden og uforudsigeligheden af deres spil. Disse RNG&#8217;er er underlagt regelm\u00e6ssige revisioner af uafh\u00e6ngige tredjepartsorganisationer for at sikre retf\u00e6rdige resultater.<\/p>\n\n            <\/div>\n        <\/div>\n        <\/section>\n\t        <section        class=\"sc_fs_faq sc_card\"\n\t\t        >\n\t\t\t\t<h3>Kan jeg spille online casino spil gratis?<\/h3>\t\t        <div>\n\t\t\t            <div class=\"sc_fs_faq__content\">\n\t\t\t\t\n\n<p>Onlinekasinoer tilbyder ofte en &#8220;spil for sjov&#8221; eller &#8220;demo&#8221;-tilstand, der giver brugerne mulighed for at pr\u00f8ve spil uden at satse rigtige penge. Dette kan v\u00e6re en fordel for at blive bekendt med spillene og deres regler, f\u00f8r du satser rigtige penge.<\/p>\n\n            <\/div>\n        <\/div>\n        <\/section>\n\t        <section        class=\"sc_fs_faq sc_card\"\n\t\t        >\n\t\t\t\t<h3>Hvad er oms\u00e6tningskravene?<\/h3>\t\t        <div>\n\t\t\t            <div class=\"sc_fs_faq__content\">\n\t\t\t\t\n\n<p>Onlinekasinoer har oms\u00e6tningskrav, ogs\u00e5 kendt som gennemspilnings- eller rollover-krav. Disse betingelser bestemmer det antal gange, du skal oms\u00e6tte dine bonusmidler eller gevinster, f\u00f8r du kan h\u00e6ve dem. Det er vigtigt at forst\u00e5 og opfylde disse krav for at kunne udbetale dine gevinster.<\/p>\n\n            <\/div>\n        <\/div>\n        <\/section>\n\t        <section        class=\"sc_fs_faq sc_card\"\n\t\t        >\n\t\t\t\t<h3>Kan jeg spille online casinospil p\u00e5 min mobile enhed?<\/h3>\t\t        <div>\n\t\t\t            <div class=\"sc_fs_faq__content\">\n\t\t\t\t\n\n<p>Ja, online casinoer tilbyder ofte mobilkompatible platforme eller dedikerede mobilapps, som giver spillerne mulighed for at nyde spil p\u00e5 deres smartphones eller tablets. Denne mobile tilg\u00e6ngelighed tilbyder bekvemmelighed og fleksibilitet, hvilket g\u00f8r det muligt for enkeltpersoner at spille, mens de er p\u00e5 farten.<\/p>\n\n            <\/div>\n        <\/div>\n        <\/section>\n\t\n<script type=\"application\/ld+json\">\n    {\n        \"@context\": \"https:\/\/schema.org\",\n        \"@type\": \"FAQPage\",\n        \"mainEntity\": [\n                    {\n                \"@type\": \"Question\",\n                \"name\": \"Hvordan v\u00e6lger jeg et velrenommeret online casino?\",\n                \"acceptedAnswer\": {\n                    \"@type\": \"Answer\",\n                    \"text\": \"\n\nN\u00e5r du v\u00e6lger et online casino, er det vigtigt at overveje forskellige faktorer, herunder licensering, omd\u00f8mme, spilvalg, softwareudbydere, sikkerhedsforanstaltninger, kundesupport, betalingsmuligheder og brugeranmeldelser. Velrenommerede kasinoer pr\u00e6senterer almindeligvis deres licenser og certificeringer p\u00e5 deres hjemmeside.\n\n\"\n                                    }\n            }\n            ,\t            {\n                \"@type\": \"Question\",\n                \"name\": \"Kan jeg stole p\u00e5 onlinekasinoer?\",\n                \"acceptedAnswer\": {\n                    \"@type\": \"Answer\",\n                    \"text\": \"\n\nJa, online casinoer prioriterer beskyttelsen af personlige og finansielle oplysninger gennem implementering af avancerede sikkerhedsforanstaltninger. Det er afg\u00f8rende at v\u00e6lge licenserede kasinoer med en velrenommeret track record for at sikre fair gameplay og sikre transaktioner.\n\n\"\n                                    }\n            }\n            ,\t            {\n                \"@type\": \"Question\",\n                \"name\": \"Hvordan indbetaler og h\u00e6ver jeg penge p\u00e5 et online casino?\",\n                \"acceptedAnswer\": {\n                    \"@type\": \"Answer\",\n                    \"text\": \"\n\nOnlinekasinoer tilbyder en r\u00e6kke betalingsmuligheder, s\u00e5som kredit-\/betalingskort, e-wallets, bankoverf\u00f8rsler og cryptocurrency. For at tilf\u00f8je penge g\u00e5r du typisk til kasseafdelingen, v\u00e6lger din foretrukne metode og f\u00f8lger de medf\u00f8lgende instruktioner. Udbetaling af penge involverer normalt indsendelse af en anmodning, som derefter behandles af kasinoet inden for en bestemt tidsramme.\n\n\"\n                                    }\n            }\n            ,\t            {\n                \"@type\": \"Question\",\n                \"name\": \"Er online casinospil fair?\",\n                \"acceptedAnswer\": {\n                    \"@type\": \"Answer\",\n                    \"text\": \"\n\nJa, licenserede onlinekasinoer bruger tilf\u00e6ldige talgeneratorer (RNG'er) for at sikre retf\u00e6rdigheden og uforudsigeligheden af deres spil. Disse RNG'er er underlagt regelm\u00e6ssige revisioner af uafh\u00e6ngige tredjepartsorganisationer for at sikre retf\u00e6rdige resultater.\n\n\"\n                                    }\n            }\n            ,\t            {\n                \"@type\": \"Question\",\n                \"name\": \"Kan jeg spille online casino spil gratis?\",\n                \"acceptedAnswer\": {\n                    \"@type\": \"Answer\",\n                    \"text\": \"\n\nOnlinekasinoer tilbyder ofte en \\\"spil for sjov\\\" eller \\\"demo\\\"-tilstand, der giver brugerne mulighed for at pr\u00f8ve spil uden at satse rigtige penge. Dette kan v\u00e6re en fordel for at blive bekendt med spillene og deres regler, f\u00f8r du satser rigtige penge.\n\n\"\n                                    }\n            }\n            ,\t            {\n                \"@type\": \"Question\",\n                \"name\": \"Hvad er oms\u00e6tningskravene?\",\n                \"acceptedAnswer\": {\n                    \"@type\": \"Answer\",\n                    \"text\": \"\n\nOnlinekasinoer har oms\u00e6tningskrav, ogs\u00e5 kendt som gennemspilnings- eller rollover-krav. Disse betingelser bestemmer det antal gange, du skal oms\u00e6tte dine bonusmidler eller gevinster, f\u00f8r du kan h\u00e6ve dem. Det er vigtigt at forst\u00e5 og opfylde disse krav for at kunne udbetale dine gevinster.\n\n\"\n                                    }\n            }\n            ,\t            {\n                \"@type\": \"Question\",\n                \"name\": \"Kan jeg spille online casinospil p\u00e5 min mobile enhed?\",\n                \"acceptedAnswer\": {\n                    \"@type\": \"Answer\",\n                    \"text\": \"\n\nJa, online casinoer tilbyder ofte mobilkompatible platforme eller dedikerede mobilapps, som giver spillerne mulighed for at nyde spil p\u00e5 deres smartphones eller tablets. Denne mobile tilg\u00e6ngelighed tilbyder bekvemmelighed og fleksibilitet, hvilket g\u00f8r det muligt for enkeltpersoner at spille, mens de er p\u00e5 farten.\n\n\"\n                                    }\n            }\n            \t        ]\n    }\n<\/script>\n\n\n\n<p><\/p>\n","protected":false},"excerpt":{"rendered":"<p>Leder du efter et online casino med dansk licens? Kan du lide, at der er styr p\u00e5 sikkerheden, n\u00e5r du spiller online? I 2012 indf\u00f8rte Danmark en ny spillelovgivning, som faldt sammen med Spillemonopolets fald. Spillemonopolet gjorde Danske Spil til det ypperste online casino i Danmark og tillod ikke konkurrenter at reklamere p\u00e5 det danske&hellip;<\/p>\n","protected":false},"author":1,"featured_media":0,"parent":0,"menu_order":0,"comment_status":"closed","ping_status":"closed","template":"","meta":[],"yoast_head":"<!-- This site is optimized with the Yoast SEO plugin v18.1 - https:\/\/yoast.com\/wordpress\/plugins\/seo\/ -->\n<title>Bedste Online Casinoer i Danmark i 2026<\/title>\n<meta name=\"description\" content=\"Casinoer med dansk licens har tilladelse til at udbyde spil p\u00e5 \u261d\ufe0f roulette, blackjack, poker, punto banco og spilleautomater. Nedenfor har vi listet nogle af de bedste online casinoer med dansk licens\" \/>\n<meta name=\"robots\" content=\"index, follow, max-snippet:-1, max-image-preview:large, max-video-preview:-1\" \/>\n<link rel=\"canonical\" href=\"https:\/\/www.tonytina.com\/da\/\" \/>\n<meta property=\"og:locale\" content=\"da_DK\" \/>\n<meta property=\"og:type\" content=\"article\" \/>\n<meta property=\"og:title\" content=\"Bedste Online Casinoer i Danmark i 2026\" \/>\n<meta property=\"og:description\" content=\"Casinoer med dansk licens har tilladelse til at udbyde spil p\u00e5 \u261d\ufe0f roulette, blackjack, poker, punto banco og spilleautomater. Nedenfor har vi listet nogle af de bedste online casinoer med dansk licens\" \/>\n<meta property=\"og:url\" content=\"https:\/\/www.tonytina.com\/da\/\" \/>\n<meta property=\"og:site_name\" content=\"Tony &amp; Tina \u2713 Sveriges ultimata guide till bra online casinon\" \/>\n<meta property=\"article:modified_time\" content=\"2024-04-04T18:47:54+00:00\" \/>\n<meta property=\"og:image\" content=\"https:\/\/www.tonytina.com\/wp-content\/uploads\/2021\/10\/Pip-Casino.jpg\" \/>\n<meta name=\"twitter:card\" content=\"summary_large_image\" \/>\n<meta name=\"twitter:label1\" content=\"Estimeret l\u00e6setid\" \/>\n\t<meta name=\"twitter:data1\" content=\"6 minutter\" \/>\n<script type=\"application\/ld+json\" class=\"yoast-schema-graph\">{\"@context\":\"https:\/\/schema.org\",\"@graph\":[{\"@type\":\"WebSite\",\"@id\":\"https:\/\/www.tonytina.com\/nl\/#website\",\"url\":\"https:\/\/www.tonytina.com\/nl\/\",\"name\":\"Tony &amp; Tina \u2713 Sveriges ultimata guide till bra online casinon\",\"description\":\"V\u00e4lkommen till tonytina.com, Tony &amp; Tina\u2019s ultimata guide till Sveriges st\u00f6rsta online casinon! Spela smart!\",\"potentialAction\":[{\"@type\":\"SearchAction\",\"target\":{\"@type\":\"EntryPoint\",\"urlTemplate\":\"https:\/\/www.tonytina.com\/nl\/?s={search_term_string}\"},\"query-input\":\"required name=search_term_string\"}],\"inLanguage\":\"da-DK\"},{\"@type\":\"ImageObject\",\"@id\":\"https:\/\/www.tonytina.com\/da\/#primaryimage\",\"inLanguage\":\"da-DK\",\"url\":\"https:\/\/www.tonytina.com\/wp-content\/uploads\/2021\/10\/Pip-Casino.jpg\",\"contentUrl\":\"https:\/\/www.tonytina.com\/wp-content\/uploads\/2021\/10\/Pip-Casino.jpg\",\"width\":760,\"height\":328,\"caption\":\"Find de bedste danske online casinoer med dansk licens\"},{\"@type\":\"WebPage\",\"@id\":\"https:\/\/www.tonytina.com\/da\/#webpage\",\"url\":\"https:\/\/www.tonytina.com\/da\/\",\"name\":\"Bedste Online Casinoer i Danmark i 2026\",\"isPartOf\":{\"@id\":\"https:\/\/www.tonytina.com\/nl\/#website\"},\"primaryImageOfPage\":{\"@id\":\"https:\/\/www.tonytina.com\/da\/#primaryimage\"},\"datePublished\":\"2021-10-27T10:25:03+00:00\",\"dateModified\":\"2024-04-04T18:47:54+00:00\",\"description\":\"Casinoer med dansk licens har tilladelse til at udbyde spil p\u00e5 \u261d\ufe0f roulette, blackjack, poker, punto banco og spilleautomater. Nedenfor har vi listet nogle af de bedste online casinoer med dansk licens\",\"breadcrumb\":{\"@id\":\"https:\/\/www.tonytina.com\/da\/#breadcrumb\"},\"inLanguage\":\"da-DK\",\"potentialAction\":[{\"@type\":\"ReadAction\",\"target\":[\"https:\/\/www.tonytina.com\/da\/\"]}]},{\"@type\":\"BreadcrumbList\",\"@id\":\"https:\/\/www.tonytina.com\/da\/#breadcrumb\",\"itemListElement\":[{\"@type\":\"ListItem\",\"position\":1,\"name\":\"Home\",\"item\":\"https:\/\/www.tonytina.com\/da\/\"},{\"@type\":\"ListItem\",\"position\":2,\"name\":\"Find de bedste danske online casinoer med dansk licens\"}]}]}<\/script>\n<!-- \/ Yoast SEO plugin. -->","yoast_head_json":{"title":"Bedste Online Casinoer i Danmark i 2026","description":"Casinoer med dansk licens har tilladelse til at udbyde spil p\u00e5 \u261d\ufe0f roulette, blackjack, poker, punto banco og spilleautomater. Nedenfor har vi listet nogle af de bedste online casinoer med dansk licens","robots":{"index":"index","follow":"follow","max-snippet":"max-snippet:-1","max-image-preview":"max-image-preview:large","max-video-preview":"max-video-preview:-1"},"canonical":"https:\/\/www.tonytina.com\/da\/","og_locale":"da_DK","og_type":"article","og_title":"Bedste Online Casinoer i Danmark i 2026","og_description":"Casinoer med dansk licens har tilladelse til at udbyde spil p\u00e5 \u261d\ufe0f roulette, blackjack, poker, punto banco og spilleautomater. Nedenfor har vi listet nogle af de bedste online casinoer med dansk licens","og_url":"https:\/\/www.tonytina.com\/da\/","og_site_name":"Tony &amp; Tina \u2713 Sveriges ultimata guide till bra online casinon","article_modified_time":"2024-04-04T18:47:54+00:00","og_image":[{"url":"https:\/\/www.tonytina.com\/wp-content\/uploads\/2021\/10\/Pip-Casino.jpg"}],"twitter_card":"summary_large_image","twitter_misc":{"Estimeret l\u00e6setid":"6 minutter"},"schema":{"@context":"https:\/\/schema.org","@graph":[{"@type":"WebSite","@id":"https:\/\/www.tonytina.com\/nl\/#website","url":"https:\/\/www.tonytina.com\/nl\/","name":"Tony &amp; Tina \u2713 Sveriges ultimata guide till bra online casinon","description":"V\u00e4lkommen till tonytina.com, Tony &amp; Tina\u2019s ultimata guide till Sveriges st\u00f6rsta online casinon! Spela smart!","potentialAction":[{"@type":"SearchAction","target":{"@type":"EntryPoint","urlTemplate":"https:\/\/www.tonytina.com\/nl\/?s={search_term_string}"},"query-input":"required name=search_term_string"}],"inLanguage":"da-DK"},{"@type":"ImageObject","@id":"https:\/\/www.tonytina.com\/da\/#primaryimage","inLanguage":"da-DK","url":"https:\/\/www.tonytina.com\/wp-content\/uploads\/2021\/10\/Pip-Casino.jpg","contentUrl":"https:\/\/www.tonytina.com\/wp-content\/uploads\/2021\/10\/Pip-Casino.jpg","width":760,"height":328,"caption":"Find de bedste danske online casinoer med dansk licens"},{"@type":"WebPage","@id":"https:\/\/www.tonytina.com\/da\/#webpage","url":"https:\/\/www.tonytina.com\/da\/","name":"Bedste Online Casinoer i Danmark i 2026","isPartOf":{"@id":"https:\/\/www.tonytina.com\/nl\/#website"},"primaryImageOfPage":{"@id":"https:\/\/www.tonytina.com\/da\/#primaryimage"},"datePublished":"2021-10-27T10:25:03+00:00","dateModified":"2024-04-04T18:47:54+00:00","description":"Casinoer med dansk licens har tilladelse til at udbyde spil p\u00e5 \u261d\ufe0f roulette, blackjack, poker, punto banco og spilleautomater. Nedenfor har vi listet nogle af de bedste online casinoer med dansk licens","breadcrumb":{"@id":"https:\/\/www.tonytina.com\/da\/#breadcrumb"},"inLanguage":"da-DK","potentialAction":[{"@type":"ReadAction","target":["https:\/\/www.tonytina.com\/da\/"]}]},{"@type":"BreadcrumbList","@id":"https:\/\/www.tonytina.com\/da\/#breadcrumb","itemListElement":[{"@type":"ListItem","position":1,"name":"Home","item":"https:\/\/www.tonytina.com\/da\/"},{"@type":"ListItem","position":2,"name":"Find de bedste danske online casinoer med dansk licens"}]}]}},"_links":{"self":[{"href":"https:\/\/www.tonytina.com\/da\/wp-json\/wp\/v2\/pages\/217"}],"collection":[{"href":"https:\/\/www.tonytina.com\/da\/wp-json\/wp\/v2\/pages"}],"about":[{"href":"https:\/\/www.tonytina.com\/da\/wp-json\/wp\/v2\/types\/page"}],"author":[{"embeddable":true,"href":"https:\/\/www.tonytina.com\/da\/wp-json\/wp\/v2\/users\/1"}],"replies":[{"embeddable":true,"href":"https:\/\/www.tonytina.com\/da\/wp-json\/wp\/v2\/comments?post=217"}],"version-history":[{"count":8,"href":"https:\/\/www.tonytina.com\/da\/wp-json\/wp\/v2\/pages\/217\/revisions"}],"predecessor-version":[{"id":373,"href":"https:\/\/www.tonytina.com\/da\/wp-json\/wp\/v2\/pages\/217\/revisions\/373"}],"wp:attachment":[{"href":"https:\/\/www.tonytina.com\/da\/wp-json\/wp\/v2\/media?parent=217"}],"curies":[{"name":"wp","href":"https:\/\/api.w.org\/{rel}","templated":true}]}}